{"id":74,"date":"2020-11-23T03:27:33","date_gmt":"2020-11-23T03:27:33","guid":{"rendered":"https:\/\/sinsesa.com\/?page_id=74"},"modified":"2020-12-02T02:22:48","modified_gmt":"2020-12-02T02:22:48","slug":"personal","status":"publish","type":"page","link":"https:\/\/sinsesa.com\/?page_id=74","title":{"rendered":"Personal"},"content":{"rendered":"<p>[et_pb_section fb_built=\u00bb1&#8243; admin_label=\u00bbLanding Hero\u00bb _builder_version=\u00bb4.7.0&#8243; use_background_color_gradient=\u00bbon\u00bb background_color_gradient_start=\u00bbrgba(0,0,0,0.19)\u00bb background_color_gradient_end=\u00bbrgba(12,113,195,0.03)\u00bb background_image=\u00bbhttps:\/\/sinsesa.com\/wp-content\/uploads\/2020\/11\/guarda-seguridad-1024&#215;408-2.jpg\u00bb background_blend=\u00bboverlay\u00bb custom_padding=\u00bb100px|0px|109px|0px||\u00bb animation_style=\u00bbslide\u00bb animation_direction=\u00bbtop\u00bb animation_intensity_slide=\u00bb2%\u00bb hover_enabled=\u00bb0&#8243; locked=\u00bboff\u00bb null=\u00bb#000000&#8243; sticky_enabled=\u00bb0&#8243;][et_pb_row _builder_version=\u00bb4.7.0&#8243; _module_preset=\u00bbdefault\u00bb custom_padding=\u00bb||13px|||\u00bb][et_pb_column type=\u00bb4_4&#8243; admin_label=\u00bbColumna\u00bb _builder_version=\u00bb4.7.0&#8243; _module_preset=\u00bbdefault\u00bb][et_pb_text _builder_version=\u00bb4.7.0&#8243; _module_preset=\u00bbdefault\u00bb custom_padding=\u00bb4px|||||\u00bb]<\/p>\n<h1 style=\"text-align: center;\"><span style=\"color: #ffffff;\">Personal de seguridad especializado<br \/><\/span><\/h1>\n<p>[\/et_pb_text][\/et_pb_column][\/et_pb_row][et_pb_row admin_label=\u00bbFila\u00bb _builder_version=\u00bb4.7.0&#8243; _module_preset=\u00bbdefault\u00bb custom_margin=\u00bb-31px|auto||auto||\u00bb custom_padding=\u00bb25px|||||\u00bb][et_pb_column type=\u00bb4_4&#8243; admin_label=\u00bbColumna\u00bb _builder_version=\u00bb4.7.0&#8243; _module_preset=\u00bbdefault\u00bb][\/et_pb_column][\/et_pb_row][\/et_pb_section][et_pb_section fb_built=\u00bb1&#8243; admin_label=\u00bbFeatures\u00bb _builder_version=\u00bb3.22&#8243; background_color=\u00bb#f8fbfe\u00bb custom_margin=\u00bb70px|||||\u00bb custom_padding=\u00bb54px|0px|100px|0px\u00bb][et_pb_row admin_label=\u00bbTittle\u00bb _builder_version=\u00bb3.25&#8243;][et_pb_column type=\u00bb4_4&#8243; _builder_version=\u00bb3.25&#8243; custom_padding=\u00bb|||\u00bb custom_padding__hover=\u00bb|||\u00bb][et_pb_text _builder_version=\u00bb4.7.0&#8243; text_font=\u00bbNunito Sans||||||||\u00bb text_text_color=\u00bb#959baf\u00bb text_font_size=\u00bb18px\u00bb text_line_height=\u00bb1.8em\u00bb header_font=\u00bb||||||||\u00bb header_text_align=\u00bbcenter\u00bb header_text_color=\u00bb#535b7c\u00bb header_2_font=\u00bbNunito Sans|700|||||||\u00bb header_2_text_color=\u00bb#535b7c\u00bb header_2_font_size=\u00bb35px\u00bb header_2_line_height=\u00bb1.3em\u00bb text_orientation=\u00bbcenter\u00bb max_width=\u00bb700px\u00bb module_alignment=\u00bbcenter\u00bb]<\/p>\n<h2>Ejecutiva, Corporativa, Log\u00edstica<\/h2>\n<p>[\/et_pb_text][et_pb_text _builder_version=\u00bb4.7.0&#8243; _module_preset=\u00bbdefault\u00bb]<\/p>\n<p>Nuestro personal se ha formado y especializado en diferentes campos de la seguridad privada, por lo que en cada proyecto se asigna a especialistas en seguridad Ejecutiva, Corporativa y Log\u00edstica, con los siguientes perfiles: \u00a0\u00a0<\/p>\n<p>[\/et_pb_text][\/et_pb_column][\/et_pb_row][et_pb_row column_structure=\u00bb1_3,1_3,1_3&#8243; use_custom_gutter=\u00bbon\u00bb gutter_width=\u00bb2&#8243; admin_label=\u00bbFeatures Row\u00bb _builder_version=\u00bb3.25&#8243; custom_padding=\u00bb|||\u00bb][et_pb_column type=\u00bb1_3&#8243; _builder_version=\u00bb3.25&#8243; background_color_gradient_direction=\u00bb243deg\u00bb custom_padding=\u00bb|||\u00bb custom_padding__hover=\u00bb|||\u00bb][et_pb_blurb use_icon=\u00bbon\u00bb font_icon=\u00bb%%258%%\u00bb icon_color=\u00bb#535B7C\u00bb use_icon_font_size=\u00bbon\u00bb icon_font_size=\u00bb32px\u00bb _builder_version=\u00bb4.7.0&#8243; header_font=\u00bbNunito Sans|600|||||||\u00bb header_text_color=\u00bb#535b7c\u00bb header_line_height=\u00bb1.4em\u00bb body_font=\u00bbNunito Sans||||||||\u00bb body_text_color=\u00bb#959baf\u00bb body_font_size=\u00bb16px\u00bb background_color=\u00bb#ffffff\u00bb text_orientation=\u00bbcenter\u00bb custom_margin=\u00bb|||\u00bb custom_padding=\u00bb54px|20px|60px|20px\u00bb animation_style=\u00bbzoom\u00bb animation_intensity_zoom=\u00bb10%\u00bb border_radii=\u00bbon|4px|4px|4px|4px\u00bb border_color_all=\u00bb#e02b20&#8243; border_width_top=\u00bb6px\u00bb border_color_top=\u00bb#39dbba\u00bb box_shadow_style=\u00bbpreset1&#8243; box_shadow_color=\u00bbrgba(34,56,101,0.12)\u00bb]<\/p>\n<p>Jefe de proyecto<\/p>\n<p>[\/et_pb_blurb][\/et_pb_column][et_pb_column type=\u00bb1_3&#8243; _builder_version=\u00bb3.25&#8243; background_color_gradient_direction=\u00bb243deg\u00bb custom_padding=\u00bb|||\u00bb custom_padding__hover=\u00bb|||\u00bb][et_pb_blurb use_icon=\u00bbon\u00bb font_icon=\u00bb%%258%%\u00bb icon_color=\u00bb#535B7C\u00bb use_icon_font_size=\u00bbon\u00bb icon_font_size=\u00bb32px\u00bb _builder_version=\u00bb4.7.0&#8243; header_font=\u00bbNunito Sans|600|||||||\u00bb header_text_color=\u00bb#535b7c\u00bb header_line_height=\u00bb1.4em\u00bb body_font=\u00bbNunito Sans||||||||\u00bb body_text_color=\u00bb#959baf\u00bb body_font_size=\u00bb16px\u00bb background_color=\u00bb#ffffff\u00bb text_orientation=\u00bbcenter\u00bb min_height=\u00bb208px\u00bb custom_margin=\u00bb|||\u00bb custom_padding=\u00bb54px|20px|60px|20px\u00bb animation_style=\u00bbzoom\u00bb animation_intensity_zoom=\u00bb10%\u00bb border_radii=\u00bbon|4px|4px|4px|4px\u00bb border_width_top=\u00bb6px\u00bb border_color_top=\u00bb#3D72E7&#8243; box_shadow_style=\u00bbpreset3&#8243; box_shadow_color=\u00bbrgba(34,56,101,0.12)\u00bb]<\/p>\n<p>Oficial de Centro de Operaciones<\/p>\n<p>[\/et_pb_blurb][\/et_pb_column][et_pb_column type=\u00bb1_3&#8243; _builder_version=\u00bb3.25&#8243; background_color_gradient_direction=\u00bb243deg\u00bb custom_padding=\u00bb|||\u00bb custom_padding__hover=\u00bb|||\u00bb][et_pb_blurb use_icon=\u00bbon\u00bb font_icon=\u00bb%%258%%\u00bb icon_color=\u00bb#535B7C\u00bb use_icon_font_size=\u00bbon\u00bb icon_font_size=\u00bb32px\u00bb _builder_version=\u00bb4.7.0&#8243; header_font=\u00bbNunito Sans|600|||||||\u00bb header_text_color=\u00bb#535b7c\u00bb header_line_height=\u00bb1.4em\u00bb body_font=\u00bbNunito Sans||||||||\u00bb body_text_color=\u00bb#959baf\u00bb body_font_size=\u00bb16px\u00bb background_color=\u00bb#ffffff\u00bb text_orientation=\u00bbcenter\u00bb custom_margin=\u00bb|||\u00bb custom_padding=\u00bb54px|20px|60px|20px\u00bb animation_style=\u00bbzoom\u00bb animation_intensity_zoom=\u00bb10%\u00bb border_radii=\u00bbon|4px|4px|4px|4px\u00bb border_width_top=\u00bb6px\u00bb border_color_top=\u00bb#f23a21&#8243; box_shadow_style=\u00bbpreset3&#8243; box_shadow_color=\u00bbrgba(34,56,101,0.12)\u00bb]<\/p>\n<p>Oficial de monitoreo<\/p>\n<p>[\/et_pb_blurb][\/et_pb_column][\/et_pb_row][et_pb_row column_structure=\u00bb1_3,1_3,1_3&#8243; use_custom_gutter=\u00bbon\u00bb gutter_width=\u00bb2&#8243; admin_label=\u00bbFeatures Row\u00bb _builder_version=\u00bb3.25&#8243; custom_padding=\u00bb|||\u00bb][et_pb_column type=\u00bb1_3&#8243; _builder_version=\u00bb3.25&#8243; background_color_gradient_direction=\u00bb243deg\u00bb custom_padding=\u00bb|||\u00bb custom_padding__hover=\u00bb|||\u00bb][et_pb_blurb use_icon=\u00bbon\u00bb font_icon=\u00bb%%258%%\u00bb icon_color=\u00bb#535B7C\u00bb use_icon_font_size=\u00bbon\u00bb icon_font_size=\u00bb32px\u00bb _builder_version=\u00bb4.7.0&#8243; header_font=\u00bbNunito Sans|600|||||||\u00bb header_text_color=\u00bb#535b7c\u00bb header_line_height=\u00bb1.4em\u00bb body_font=\u00bbNunito Sans||||||||\u00bb body_text_color=\u00bb#959baf\u00bb body_font_size=\u00bb16px\u00bb background_color=\u00bb#ffffff\u00bb text_orientation=\u00bbcenter\u00bb custom_margin=\u00bb|||\u00bb custom_padding=\u00bb54px|20px|60px|20px\u00bb animation_style=\u00bbzoom\u00bb animation_intensity_zoom=\u00bb10%\u00bb border_radii=\u00bbon|4px|4px|4px|4px\u00bb border_color_all=\u00bb#e02b20&#8243; border_width_top=\u00bb6px\u00bb border_color_top=\u00bb#39dbba\u00bb box_shadow_style=\u00bbpreset1&#8243; box_shadow_color=\u00bbrgba(34,56,101,0.12)\u00bb]<\/p>\n<p>Oficial de control de acceso<\/p>\n<p>[\/et_pb_blurb][\/et_pb_column][et_pb_column type=\u00bb1_3&#8243; _builder_version=\u00bb3.25&#8243; background_color_gradient_direction=\u00bb243deg\u00bb custom_padding=\u00bb|||\u00bb custom_padding__hover=\u00bb|||\u00bb][et_pb_blurb use_icon=\u00bbon\u00bb font_icon=\u00bb%%258%%\u00bb icon_color=\u00bb#535B7C\u00bb use_icon_font_size=\u00bbon\u00bb icon_font_size=\u00bb32px\u00bb _builder_version=\u00bb4.7.0&#8243; header_font=\u00bbNunito Sans|600|||||||\u00bb header_text_color=\u00bb#535b7c\u00bb header_line_height=\u00bb1.4em\u00bb body_font=\u00bbNunito Sans||||||||\u00bb body_text_color=\u00bb#959baf\u00bb body_font_size=\u00bb16px\u00bb background_color=\u00bb#ffffff\u00bb text_orientation=\u00bbcenter\u00bb custom_margin=\u00bb|||\u00bb custom_padding=\u00bb54px|20px|60px|20px\u00bb animation_style=\u00bbzoom\u00bb animation_intensity_zoom=\u00bb10%\u00bb border_radii=\u00bbon|4px|4px|4px|4px\u00bb border_width_top=\u00bb6px\u00bb border_color_top=\u00bb#3D72E7&#8243; box_shadow_style=\u00bbpreset3&#8243; box_shadow_color=\u00bbrgba(34,56,101,0.12)\u00bb]<\/p>\n<p>Oficial femenino<\/p>\n<p>[\/et_pb_blurb][\/et_pb_column][et_pb_column type=\u00bb1_3&#8243; _builder_version=\u00bb3.25&#8243; background_color_gradient_direction=\u00bb243deg\u00bb custom_padding=\u00bb|||\u00bb custom_padding__hover=\u00bb|||\u00bb][et_pb_blurb use_icon=\u00bbon\u00bb font_icon=\u00bb%%258%%\u00bb icon_color=\u00bb#535B7C\u00bb use_icon_font_size=\u00bbon\u00bb icon_font_size=\u00bb32px\u00bb _builder_version=\u00bb4.7.0&#8243; header_font=\u00bbNunito Sans|600|||||||\u00bb header_text_color=\u00bb#535b7c\u00bb header_line_height=\u00bb1.4em\u00bb body_font=\u00bbNunito Sans||||||||\u00bb body_text_color=\u00bb#959baf\u00bb body_font_size=\u00bb16px\u00bb background_color=\u00bb#ffffff\u00bb text_orientation=\u00bbcenter\u00bb min_height=\u00bb181px\u00bb custom_margin=\u00bb|||\u00bb custom_padding=\u00bb54px|20px|60px|20px\u00bb animation_style=\u00bbzoom\u00bb animation_intensity_zoom=\u00bb10%\u00bb border_radii=\u00bbon|4px|4px|4px|4px\u00bb border_width_top=\u00bb6px\u00bb border_color_top=\u00bb#f23a21&#8243; box_shadow_style=\u00bbpreset3&#8243; box_shadow_color=\u00bbrgba(34,56,101,0.12)\u00bb]<\/p>\n<h6><span style=\"color: #999999;\">Oficial de recepci\u00f3n y servicio al cliente<\/span><\/h6>\n<p>[\/et_pb_blurb][\/et_pb_column][\/et_pb_row][et_pb_row column_structure=\u00bb1_3,1_3,1_3&#8243; use_custom_gutter=\u00bbon\u00bb gutter_width=\u00bb2&#8243; admin_label=\u00bbFeatures Row\u00bb _builder_version=\u00bb3.25&#8243; custom_padding=\u00bb|||\u00bb][et_pb_column type=\u00bb1_3&#8243; _builder_version=\u00bb3.25&#8243; background_color_gradient_direction=\u00bb243deg\u00bb custom_padding=\u00bb|||\u00bb custom_padding__hover=\u00bb|||\u00bb][et_pb_blurb use_icon=\u00bbon\u00bb font_icon=\u00bb%%258%%\u00bb icon_color=\u00bb#535B7C\u00bb use_icon_font_size=\u00bbon\u00bb icon_font_size=\u00bb32px\u00bb _builder_version=\u00bb4.7.0&#8243; header_font=\u00bbNunito Sans|600|||||||\u00bb header_text_color=\u00bb#535b7c\u00bb header_line_height=\u00bb1.4em\u00bb body_font=\u00bbNunito Sans||||||||\u00bb body_text_color=\u00bb#959baf\u00bb body_font_size=\u00bb16px\u00bb background_color=\u00bb#ffffff\u00bb text_orientation=\u00bbcenter\u00bb custom_margin=\u00bb|||\u00bb custom_padding=\u00bb54px|20px|60px|20px\u00bb animation_style=\u00bbzoom\u00bb animation_intensity_zoom=\u00bb10%\u00bb border_radii=\u00bbon|4px|4px|4px|4px\u00bb border_color_all=\u00bb#e02b20&#8243; border_width_top=\u00bb6px\u00bb border_color_top=\u00bb#39dbba\u00bb box_shadow_style=\u00bbpreset1&#8243; box_shadow_color=\u00bbrgba(34,56,101,0.12)\u00bb]<\/p>\n<p>Oficial de custodia de mercancias<\/p>\n<p>[\/et_pb_blurb][\/et_pb_column][et_pb_column type=\u00bb1_3&#8243; _builder_version=\u00bb3.25&#8243; background_color_gradient_direction=\u00bb243deg\u00bb custom_padding=\u00bb|||\u00bb custom_padding__hover=\u00bb|||\u00bb][et_pb_blurb use_icon=\u00bbon\u00bb font_icon=\u00bb%%258%%\u00bb icon_color=\u00bb#535B7C\u00bb use_icon_font_size=\u00bbon\u00bb icon_font_size=\u00bb32px\u00bb _builder_version=\u00bb4.7.0&#8243; header_font=\u00bbNunito Sans|600|||||||\u00bb header_text_color=\u00bb#535b7c\u00bb header_line_height=\u00bb1.4em\u00bb body_font=\u00bbNunito Sans||||||||\u00bb body_text_color=\u00bb#959baf\u00bb body_font_size=\u00bb16px\u00bb background_color=\u00bb#ffffff\u00bb text_orientation=\u00bbcenter\u00bb custom_margin=\u00bb|||\u00bb custom_padding=\u00bb54px|20px|60px|20px\u00bb animation_style=\u00bbzoom\u00bb animation_intensity_zoom=\u00bb10%\u00bb border_radii=\u00bbon|4px|4px|4px|4px\u00bb border_width_top=\u00bb6px\u00bb border_color_top=\u00bb#3D72E7&#8243; box_shadow_style=\u00bbpreset3&#8243; box_shadow_color=\u00bbrgba(34,56,101,0.12)\u00bb]<\/p>\n<p>Oficial de aduanas<\/p>\n<p>[\/et_pb_blurb][\/et_pb_column][et_pb_column type=\u00bb1_3&#8243; _builder_version=\u00bb3.25&#8243; background_color_gradient_direction=\u00bb243deg\u00bb custom_padding=\u00bb|||\u00bb custom_padding__hover=\u00bb|||\u00bb][et_pb_blurb use_icon=\u00bbon\u00bb font_icon=\u00bb%%258%%\u00bb icon_color=\u00bb#535B7C\u00bb use_icon_font_size=\u00bbon\u00bb icon_font_size=\u00bb32px\u00bb _builder_version=\u00bb4.7.0&#8243; header_font=\u00bbNunito Sans|600|||||||\u00bb header_text_color=\u00bb#535b7c\u00bb header_line_height=\u00bb1.4em\u00bb body_font=\u00bbNunito Sans||||||||\u00bb body_text_color=\u00bb#959baf\u00bb body_font_size=\u00bb16px\u00bb background_color=\u00bb#ffffff\u00bb text_orientation=\u00bbcenter\u00bb custom_margin=\u00bb|||\u00bb custom_padding=\u00bb54px|20px|60px|20px\u00bb animation_style=\u00bbzoom\u00bb animation_intensity_zoom=\u00bb10%\u00bb border_radii=\u00bbon|4px|4px|4px|4px\u00bb border_width_top=\u00bb6px\u00bb border_color_top=\u00bb#f23a21&#8243; box_shadow_style=\u00bbpreset3&#8243; box_shadow_color=\u00bbrgba(34,56,101,0.12)\u00bb]<\/p>\n<h6><span style=\"color: #999999;\">Oficial de escolta patrulla y motorizado<\/span><\/h6>\n<p>[\/et_pb_blurb][\/et_pb_column][\/et_pb_row][\/et_pb_section][et_pb_section fb_built=\u00bb1&#8243; admin_label=\u00bbSign Up Section\u00bb _builder_version=\u00bb4.7.0&#8243; background_color=\u00bb#000000&#8243; custom_padding=\u00bb30px||0px|||\u00bb][et_pb_row column_structure=\u00bb1_2,1_2&#8243; _builder_version=\u00bb4.7.0&#8243; _module_preset=\u00bbdefault\u00bb][et_pb_column type=\u00bb1_2&#8243; _builder_version=\u00bb4.7.0&#8243; _module_preset=\u00bbdefault\u00bb][et_pb_text _builder_version=\u00bb4.7.0&#8243; _module_preset=\u00bbdefault\u00bb]<\/p>\n<h1><span style=\"color: #ffffff;\">Cotiza nuestros servicios<\/span><\/h1>\n<p><span style=\"color: #ffffff;\">Ser\u00e1 un gusto atender su solicitud de cotizaci\u00f3n, deje su nombre y correo, para una cotizaci\u00f3n de nuestros servicios.<\/span><\/p>\n<p><span style=\"color: #ffffff;\">T\u00e9lefono: PBX 7823 &#8211; 9941<br \/><\/span><\/p>\n<p><span style=\"color: #ffffff;\"><span style=\"color: #ffffff; font-family: inherit; font-weight: normal; font-size: large;\">atencionalcliente@sinsesa.com<\/span><\/span><\/p>\n<div class=\"et_pb_column et_pb_column_1_2 et_pb_column_8  et_pb_css_mix_blend_mode_passthrough\">\n<div class=\"et_pb_module et_pb_text et_pb_text_6  et_pb_text_align_left et_pb_bg_layout_light\">\n<div class=\"et_pb_text_inner\">\n<div class=\"et_pb_column et_pb_column_1_2 et_pb_column_13  et_pb_css_mix_blend_mode_passthrough\">\n<div class=\"et_pb_module et_pb_text et_pb_text_4  et_pb_text_align_left et_pb_bg_layout_light et_had_animation\">\n<div class=\"et_pb_text_inner\">\n<p><span style=\"color: #ffffff; font-family: inherit; font-weight: normal; font-size: large;\"><\/span><\/p>\n<\/div>\n<\/div>\n<\/div>\n<\/div>\n<\/div>\n<\/div>\n<p><span style=\"color: #ffffff;\"><\/span><\/p>\n<p><span style=\"color: #ffffff;\"><\/span><\/p>\n<p>[\/et_pb_text][\/et_pb_column][et_pb_column type=\u00bb1_2&#8243; _builder_version=\u00bb4.7.0&#8243; _module_preset=\u00bbdefault\u00bb][et_pb_contact_form email=\u00bbatencionalcliente@sinsesa.com\u00bb _builder_version=\u00bb4.7.0&#8243; _module_preset=\u00bbdefault\u00bb custom_button=\u00bbon\u00bb button_text_color=\u00bb#ffffff\u00bb button_bg_color=\u00bb#0c71c3&#8243;][et_pb_contact_field field_id=\u00bbName\u00bb field_title=\u00bbNombre\u00bb _builder_version=\u00bb3.16&#8243; button_text_size__hover_enabled=\u00bboff\u00bb button_one_text_size__hover_enabled=\u00bboff\u00bb button_two_text_size__hover_enabled=\u00bboff\u00bb button_text_color__hover_enabled=\u00bboff\u00bb button_one_text_color__hover_enabled=\u00bboff\u00bb button_two_text_color__hover_enabled=\u00bboff\u00bb button_border_width__hover_enabled=\u00bboff\u00bb button_one_border_width__hover_enabled=\u00bboff\u00bb button_two_border_width__hover_enabled=\u00bboff\u00bb button_border_color__hover_enabled=\u00bboff\u00bb button_one_border_color__hover_enabled=\u00bboff\u00bb button_two_border_color__hover_enabled=\u00bboff\u00bb button_border_radius__hover_enabled=\u00bboff\u00bb button_one_border_radius__hover_enabled=\u00bboff\u00bb button_two_border_radius__hover_enabled=\u00bboff\u00bb button_letter_spacing__hover_enabled=\u00bboff\u00bb button_one_letter_spacing__hover_enabled=\u00bboff\u00bb button_two_letter_spacing__hover_enabled=\u00bboff\u00bb button_bg_color__hover_enabled=\u00bboff\u00bb button_one_bg_color__hover_enabled=\u00bboff\u00bb button_two_bg_color__hover_enabled=\u00bboff\u00bb][\/et_pb_contact_field][et_pb_contact_field field_id=\u00bbEmail\u00bb field_title=\u00bbDirecci\u00f3n de correo electr\u00f3nico\u00bb field_type=\u00bbemail\u00bb _builder_version=\u00bb3.16&#8243; button_text_size__hover_enabled=\u00bboff\u00bb button_one_text_size__hover_enabled=\u00bboff\u00bb button_two_text_size__hover_enabled=\u00bboff\u00bb button_text_color__hover_enabled=\u00bboff\u00bb button_one_text_color__hover_enabled=\u00bboff\u00bb button_two_text_color__hover_enabled=\u00bboff\u00bb button_border_width__hover_enabled=\u00bboff\u00bb button_one_border_width__hover_enabled=\u00bboff\u00bb button_two_border_width__hover_enabled=\u00bboff\u00bb button_border_color__hover_enabled=\u00bboff\u00bb button_one_border_color__hover_enabled=\u00bboff\u00bb button_two_border_color__hover_enabled=\u00bboff\u00bb button_border_radius__hover_enabled=\u00bboff\u00bb button_one_border_radius__hover_enabled=\u00bboff\u00bb button_two_border_radius__hover_enabled=\u00bboff\u00bb button_letter_spacing__hover_enabled=\u00bboff\u00bb button_one_letter_spacing__hover_enabled=\u00bboff\u00bb button_two_letter_spacing__hover_enabled=\u00bboff\u00bb button_bg_color__hover_enabled=\u00bboff\u00bb button_one_bg_color__hover_enabled=\u00bboff\u00bb button_two_bg_color__hover_enabled=\u00bboff\u00bb][\/et_pb_contact_field][et_pb_contact_field field_id=\u00bbMessage\u00bb field_title=\u00bbMensaje\u00bb field_type=\u00bbtext\u00bb fullwidth_field=\u00bbon\u00bb _builder_version=\u00bb3.16&#8243; button_text_size__hover_enabled=\u00bboff\u00bb button_one_text_size__hover_enabled=\u00bboff\u00bb button_two_text_size__hover_enabled=\u00bboff\u00bb button_text_color__hover_enabled=\u00bboff\u00bb button_one_text_color__hover_enabled=\u00bboff\u00bb button_two_text_color__hover_enabled=\u00bboff\u00bb button_border_width__hover_enabled=\u00bboff\u00bb button_one_border_width__hover_enabled=\u00bboff\u00bb button_two_border_width__hover_enabled=\u00bboff\u00bb button_border_color__hover_enabled=\u00bboff\u00bb button_one_border_color__hover_enabled=\u00bboff\u00bb button_two_border_color__hover_enabled=\u00bboff\u00bb button_border_radius__hover_enabled=\u00bboff\u00bb button_one_border_radius__hover_enabled=\u00bboff\u00bb button_two_border_radius__hover_enabled=\u00bboff\u00bb button_letter_spacing__hover_enabled=\u00bboff\u00bb button_one_letter_spacing__hover_enabled=\u00bboff\u00bb button_two_letter_spacing__hover_enabled=\u00bboff\u00bb button_bg_color__hover_enabled=\u00bboff\u00bb button_one_bg_color__hover_enabled=\u00bboff\u00bb button_two_bg_color__hover_enabled=\u00bboff\u00bb][\/et_pb_contact_field][\/et_pb_contact_form][\/et_pb_column][\/et_pb_row][\/et_pb_section]<\/p>\n","protected":false},"excerpt":{"rendered":"<p>Personal de seguridad especializadoEjecutiva, Corporativa, Log\u00edsticaNuestro personal se ha formado y especializado en diferentes campos de la seguridad privada, por lo que en cada proyecto se asigna a especialistas en seguridad Ejecutiva, Corporativa y Log\u00edstica, con los siguientes perfiles: \u00a0\u00a0Jefe de proyectoOficial de Centro de OperacionesOficial de monitoreoOficial de control de accesoOficial femeninoOficial de recepci\u00f3n [&hellip;]<\/p>\n","protected":false},"author":1,"featured_media":0,"parent":0,"menu_order":0,"comment_status":"closed","ping_status":"closed","template":"","meta":{"_et_pb_use_builder":"on","_et_pb_old_content":"<!-- wp:divi\/placeholder \/-->","_et_gb_content_width":"","footnotes":""},"class_list":["post-74","page","type-page","status-publish","hentry"],"_links":{"self":[{"href":"https:\/\/sinsesa.com\/index.php?rest_route=\/wp\/v2\/pages\/74","targetHints":{"allow":["GET"]}}],"collection":[{"href":"https:\/\/sinsesa.com\/index.php?rest_route=\/wp\/v2\/pages"}],"about":[{"href":"https:\/\/sinsesa.com\/index.php?rest_route=\/wp\/v2\/types\/page"}],"author":[{"embeddable":true,"href":"https:\/\/sinsesa.com\/index.php?rest_route=\/wp\/v2\/users\/1"}],"replies":[{"embeddable":true,"href":"https:\/\/sinsesa.com\/index.php?rest_route=%2Fwp%2Fv2%2Fcomments&post=74"}],"version-history":[{"count":26,"href":"https:\/\/sinsesa.com\/index.php?rest_route=\/wp\/v2\/pages\/74\/revisions"}],"predecessor-version":[{"id":429,"href":"https:\/\/sinsesa.com\/index.php?rest_route=\/wp\/v2\/pages\/74\/revisions\/429"}],"wp:attachment":[{"href":"https:\/\/sinsesa.com\/index.php?rest_route=%2Fwp%2Fv2%2Fmedia&parent=74"}],"curies":[{"name":"wp","href":"https:\/\/api.w.org\/{rel}","templated":true}]}}