{"id":66,"date":"2020-11-23T03:18:15","date_gmt":"2020-11-23T03:18:15","guid":{"rendered":"https:\/\/sinsesa.com\/?page_id=66"},"modified":"2021-04-23T17:51:11","modified_gmt":"2021-04-23T17:51:11","slug":"inicio","status":"publish","type":"page","link":"https:\/\/sinsesa.com\/","title":{"rendered":"Inicio"},"content":{"rendered":"<p>[et_pb_section fb_built=\u00bb1&#8243; fullwidth=\u00bbon\u00bb _builder_version=\u00bb4.7.0&#8243; _module_preset=\u00bbdefault\u00bb use_background_color_gradient=\u00bbon\u00bb background_color_gradient_start=\u00bb#000000&#8243; background_color_gradient_end=\u00bb#ffffff\u00bb][et_pb_fullwidth_slider _builder_version=\u00bb4.7.0&#8243; _module_preset=\u00bbdefault\u00bb][et_pb_slide heading=\u00bbEstrategias Inteligentes S.A.\u00bb _builder_version=\u00bb4.7.0&#8243; _module_preset=\u00bbdefault\u00bb header_font=\u00bbArial|800|||||||\u00bb body_font=\u00bbArial|800|||||||\u00bb background_enable_color=\u00bboff\u00bb background_image=\u00bbhttps:\/\/sinsesa.com\/wp-content\/uploads\/2020\/11\/AdobeStock_362449073-scaled.jpeg\u00bb background_enable_image=\u00bbon\u00bb text_shadow_style=\u00bbpreset1&#8243; text_shadow_color=\u00bb#000000&#8243; sticky_transition=\u00bbon\u00bb]<\/p>\n<h2>Seguridad privada a otro nivel<\/h2>\n<p>[\/et_pb_slide][et_pb_slide heading=\u00bbEstrategias Inteligentes S.A.\u00bb _builder_version=\u00bb4.7.0&#8243; _module_preset=\u00bbdefault\u00bb header_font=\u00bbArial|800|||||||\u00bb header_text_color=\u00bb#ffffff\u00bb body_font=\u00bbArial|800|||||||\u00bb background_enable_color=\u00bboff\u00bb background_image=\u00bbhttps:\/\/sinsesa.com\/wp-content\/uploads\/2020\/11\/AdobeStock_373241104-scaled.jpeg\u00bb background_enable_image=\u00bbon\u00bb text_shadow_style=\u00bbpreset1&#8243; text_shadow_color=\u00bb#000000&#8243; sticky_transition=\u00bbon\u00bb]<\/p>\n<h2>Nuestro compromiso su seguridad<\/h2>\n<p>[\/et_pb_slide][et_pb_slide heading=\u00bbEstrategias Inteligentes S.A.\u00bb _builder_version=\u00bb4.7.0&#8243; _module_preset=\u00bbdefault\u00bb header_font=\u00bbArial|800|||||||\u00bb header_text_align=\u00bbright\u00bb body_font=\u00bbArial|800|||||||\u00bb background_enable_color=\u00bboff\u00bb background_image=\u00bbhttps:\/\/sinsesa.com\/wp-content\/uploads\/2020\/11\/AdobeStock_323151507-scaled.jpeg\u00bb background_enable_image=\u00bbon\u00bb text_shadow_style=\u00bbpreset1&#8243; text_shadow_color=\u00bb#000000&#8243; sticky_transition=\u00bbon\u00bb]<\/p>\n<h2 style=\"text-align: right;\">Nuestros colaboradores siempre de su lado<\/h2>\n<p>[\/et_pb_slide][\/et_pb_fullwidth_slider][\/et_pb_section][et_pb_section fb_built=\u00bb1&#8243; admin_label=\u00bbExplore Story Section\u00bb _builder_version=\u00bb3.22&#8243; custom_margin=\u00bb||-109px|||\u00bb custom_padding=\u00bb38px||41px|||\u00bb][et_pb_row admin_label=\u00bbText Area\u00bb _builder_version=\u00bb3.25&#8243; max_width=\u00bb700px\u00bb custom_padding=\u00bb20px|||\u00bb use_custom_width=\u00bbon\u00bb custom_width_px=\u00bb700px\u00bb][et_pb_column type=\u00bb4_4&#8243; _builder_version=\u00bb3.25&#8243; custom_padding=\u00bb|||\u00bb custom_padding__hover=\u00bb|||\u00bb][et_pb_text admin_label=\u00bbTitle\u00bb _builder_version=\u00bb3.27.4&#8243; text_font=\u00bb||||||||\u00bb header_font=\u00bb||||||||\u00bb header_2_font=\u00bbNunito||||||||\u00bb header_2_text_align=\u00bbcenter\u00bb header_2_text_color=\u00bb#263954&#8243; header_2_font_size=\u00bb36px\u00bb header_2_line_height=\u00bb1.4em\u00bb custom_margin=\u00bb||5px|\u00bb animation_style=\u00bbfold\u00bb animation_direction=\u00bbbottom\u00bb animation_intensity_fold=\u00bb20%\u00bb animation_starting_opacity=\u00bb100%\u00bb]<\/p>\n<h2>Respaldo Legal<\/h2>\n<p>[\/et_pb_text][\/et_pb_column][\/et_pb_row][et_pb_row admin_label=\u00bbContributor CTA\u00bb _builder_version=\u00bb3.25&#8243; custom_margin=\u00bb|||\u00bb custom_padding=\u00bb19px|||\u00bb][et_pb_column type=\u00bb4_4&#8243; _builder_version=\u00bb3.25&#8243; custom_padding=\u00bb|||\u00bb custom_padding__hover=\u00bb|||\u00bb][et_pb_text _builder_version=\u00bb4.7.0&#8243; _module_preset=\u00bbdefault\u00bb]<\/p>\n<p style=\"text-align: justify;\">Estrategias Inteligentes S.A. SINSESA, es una empresa orgullosamente Guatemalteca con capital propio, legalmente constituida y autorizada por la Direcci\u00f3n General de Servicios de Seguridad Privada del Ministerio de Gobernaci\u00f3n de la Rep\u00fablica de Guatemala, bajo las licencias n\u00famero A298 y B094 para operar en todo el pa\u00eds como entidad prestadora de servicios de seguridad privada, en estricto cumplimiento de los decretos 52-2010 Ley que Regula los Servicios de Seguridad Privada y 15-2009 Ley de Armas y Municiones del Congreso de la Rep\u00fablica de Guatemala.<\/p>\n<p>[\/et_pb_text][\/et_pb_column][\/et_pb_row][\/et_pb_section][et_pb_section fb_built=\u00bb1&#8243; _builder_version=\u00bb4.7.0&#8243; _module_preset=\u00bbdefault\u00bb custom_padding=\u00bb||0px|||\u00bb][et_pb_row _builder_version=\u00bb4.7.0&#8243; _module_preset=\u00bbdefault\u00bb custom_padding=\u00bb||0px|||\u00bb][et_pb_column type=\u00bb4_4&#8243; _builder_version=\u00bb4.7.0&#8243; _module_preset=\u00bbdefault\u00bb][et_pb_text admin_label=\u00bbTitle\u00bb _builder_version=\u00bb3.27.4&#8243; text_font=\u00bb||||||||\u00bb header_font=\u00bb||||||||\u00bb header_2_font=\u00bbNunito||||||||\u00bb header_2_text_align=\u00bbcenter\u00bb header_2_text_color=\u00bb#263954&#8243; header_2_font_size=\u00bb36px\u00bb header_2_line_height=\u00bb1.4em\u00bb custom_margin=\u00bb||5px|\u00bb custom_padding=\u00bb||59px|||\u00bb animation_style=\u00bbfold\u00bb animation_direction=\u00bbbottom\u00bb animation_intensity_fold=\u00bb20%\u00bb animation_starting_opacity=\u00bb100%\u00bb]<\/p>\n<h2>Misi\u00f3n y Visi\u00f3n<\/h2>\n<p>[\/et_pb_text][\/et_pb_column][\/et_pb_row][\/et_pb_section][et_pb_section fb_built=\u00bb1&#8243; _builder_version=\u00bb4.7.0&#8243; _module_preset=\u00bbdefault\u00bb custom_padding=\u00bb||0px|||\u00bb][et_pb_row column_structure=\u00bb1_2,1_2&#8243; _builder_version=\u00bb3.25&#8243; background_size=\u00bbinitial\u00bb background_position=\u00bbtop_left\u00bb background_repeat=\u00bbrepeat\u00bb custom_padding=\u00bb0px|0px|74px|0px||\u00bb][et_pb_column type=\u00bb1_2&#8243; _builder_version=\u00bb3.25&#8243; custom_padding=\u00bb|||\u00bb custom_padding__hover=\u00bb|||\u00bb][et_pb_blurb title=\u00bbMisi\u00f3n\u00bb url=\u00bb#\u00bb use_icon=\u00bbon\u00bb icon_placement=\u00bbleft\u00bb content_max_width=\u00bb1100px\u00bb _builder_version=\u00bb4.7.0&#8243; header_font=\u00bb|on|||\u00bb header_text_color=\u00bb#7272ff\u00bb header_line_height=\u00bb1.5em\u00bb body_text_color=\u00bb#8585bd\u00bb body_line_height=\u00bb1.9em\u00bb background_color=\u00bb#ffffff\u00bb custom_margin=\u00bb-80px|||\u00bb custom_padding=\u00bb30px|40px|30px|40px\u00bb animation_style=\u00bbzoom\u00bb animation_direction=\u00bbbottom\u00bb animation_intensity_zoom=\u00bb20%\u00bb animation_starting_opacity=\u00bb100%\u00bb box_shadow_style=\u00bbpreset2&#8243; box_shadow_horizontal=\u00bb31px\u00bb box_shadow_color=\u00bbrgba(71,74,182,0.12)\u00bb locked=\u00bboff\u00bb]<\/p>\n<p>Proveer servicios personalizados y de alta calidad en cada proyecto de seguridad privada que implementamos, en empresas, organizaciones, e instituciones, en Guatemala y en la regi\u00f3n Centro Americana. \u00a0<\/p>\n<p>[\/et_pb_blurb][\/et_pb_column][et_pb_column type=\u00bb1_2&#8243; _builder_version=\u00bb3.25&#8243; custom_padding=\u00bb|||\u00bb custom_padding__hover=\u00bb|||\u00bb][et_pb_blurb title=\u00bbVisi\u00f3n\u00bb url=\u00bb#\u00bb icon_placement=\u00bbleft\u00bb image_max_width=\u00bb64px\u00bb content_max_width=\u00bb1100px\u00bb _builder_version=\u00bb4.7.0&#8243; header_font=\u00bb|on|||\u00bb header_text_color=\u00bb#7272ff\u00bb header_line_height=\u00bb1.5em\u00bb body_text_color=\u00bb#8585bd\u00bb body_line_height=\u00bb1.9em\u00bb background_color=\u00bb#ffffff\u00bb custom_margin=\u00bb-80px|||\u00bb custom_margin_tablet=\u00bb0px|||\u00bb custom_margin_phone=\u00bb\u00bb custom_margin_last_edited=\u00bbon|phone\u00bb custom_padding=\u00bb30px|40px|30px|40px\u00bb animation_style=\u00bbzoom\u00bb animation_direction=\u00bbbottom\u00bb animation_delay=\u00bb100ms\u00bb animation_intensity_zoom=\u00bb20%\u00bb animation_starting_opacity=\u00bb100%\u00bb box_shadow_style=\u00bbpreset2&#8243; box_shadow_horizontal=\u00bb31px\u00bb box_shadow_color=\u00bbrgba(71,74,182,0.12)\u00bb locked=\u00bboff\u00bb]<\/p>\n<p>Ser la empresa l\u00edder en\u00a0Guatemala y la regi\u00f3n Centro Americana, en materia de seguridad privada,\u00a0con plataformas digitales y tecnolog\u00eda aplicada, s\u00edmbolo\u00a0de seguridad y confianza para la tranquilidad y crecimiento de nuestros clientes.<\/p>\n<p>[\/et_pb_blurb][\/et_pb_column][\/et_pb_row][\/et_pb_section][et_pb_section fb_built=\u00bb1&#8243; admin_label=\u00bbCategory Search Section\u00bb _builder_version=\u00bb3.22&#8243; min_height=\u00bb805px\u00bb custom_padding=\u00bb18px||44px|||\u00bb][et_pb_row admin_label=\u00bbCategory Search Title Area\u00bb _builder_version=\u00bb3.25&#8243; locked=\u00bboff\u00bb][et_pb_column type=\u00bb4_4&#8243; _builder_version=\u00bb3.25&#8243; custom_padding=\u00bb|||\u00bb custom_padding__hover=\u00bb|||\u00bb][et_pb_text admin_label=\u00bbTitle\u00bb _builder_version=\u00bb3.27.4&#8243; text_font=\u00bb||||||||\u00bb header_font=\u00bb||||||||\u00bb header_2_font=\u00bbNunito||||||||\u00bb header_2_text_align=\u00bbcenter\u00bb header_2_text_color=\u00bb#263954&#8243; header_2_font_size=\u00bb36px\u00bb header_2_line_height=\u00bb1.4em\u00bb custom_margin=\u00bb||5px|\u00bb animation_style=\u00bbfold\u00bb animation_direction=\u00bbbottom\u00bb animation_intensity_fold=\u00bb20%\u00bb animation_starting_opacity=\u00bb100%\u00bb]<\/p>\n<h2>Valores<\/h2>\n<p>[\/et_pb_text][\/et_pb_column][\/et_pb_row][et_pb_row column_structure=\u00bb1_3,1_3,1_3&#8243; admin_label=\u00bbCategories\u00bb _builder_version=\u00bb4.7.0&#8243; max_width=\u00bb1440px\u00bb custom_padding=\u00bb20px||0px|||\u00bb use_custom_width=\u00bbon\u00bb custom_width_px=\u00bb1440px\u00bb][et_pb_column type=\u00bb1_3&#8243; _builder_version=\u00bb3.25&#8243; custom_padding=\u00bb|||\u00bb custom_padding__hover=\u00bb|||\u00bb][et_pb_blurb title=\u00bbResponsabilidad\u00bb use_icon=\u00bbon\u00bb font_icon=\u00bb%%287%%\u00bb _builder_version=\u00bb4.7.0&#8243; header_level=\u00bbh3&#8243; header_font=\u00bbNunito||||||||\u00bb header_text_align=\u00bbcenter\u00bb header_text_color=\u00bb#263954&#8243; header_font_size=\u00bb24px\u00bb header_line_height=\u00bb1.3em\u00bb body_font=\u00bb||||||||\u00bb body_font_size=\u00bb15px\u00bb body_line_height=\u00bb1.8em\u00bb animation=\u00bboff\u00bb]<\/p>\n<p style=\"text-align: justify;\">Brindamos respuestas inteligentes ante las circunstancias que nos rodean aplicando nuestra experiencia al servicio. Actuamos de manera consiente lo que nos permite administrar, orientar y valorar las consecuencias de nuestros actos, siempre en un plano moral, \u00e9tico y profesional.<\/p>\n<p>[\/et_pb_blurb][\/et_pb_column][et_pb_column type=\u00bb1_3&#8243; _builder_version=\u00bb3.25&#8243; custom_padding=\u00bb|||\u00bb custom_padding__hover=\u00bb|||\u00bb][et_pb_blurb title=\u00bbProfesionalismo\u00bb use_icon=\u00bbon\u00bb font_icon=\u00bb%%287%%\u00bb _builder_version=\u00bb4.7.0&#8243; header_level=\u00bbh3&#8243; header_font=\u00bbNunito||||||||\u00bb header_text_color=\u00bb#263954&#8243; header_font_size=\u00bb24px\u00bb header_line_height=\u00bb1.3em\u00bb body_font=\u00bb||||||||\u00bb body_font_size=\u00bb15px\u00bb body_line_height=\u00bb1.8em\u00bb text_orientation=\u00bbcenter\u00bb min_height=\u00bb419px\u00bb custom_margin=\u00bb||12px|||\u00bb animation=\u00bboff\u00bb locked=\u00bboff\u00bb]<\/p>\n<p style=\"text-align: justify;\">Nos regimos bajo las normas preestablecidas del respeto, objetividad y efectividad en la actividad que desempe\u00f1amos.<\/p>\n<p>[\/et_pb_blurb][\/et_pb_column][et_pb_column type=\u00bb1_3&#8243; _builder_version=\u00bb3.25&#8243; custom_padding=\u00bb|||\u00bb custom_padding__hover=\u00bb|||\u00bb][et_pb_blurb title=\u00bbLealtad\u00bb use_icon=\u00bbon\u00bb font_icon=\u00bb%%287%%\u00bb _builder_version=\u00bb4.7.0&#8243; header_level=\u00bbh3&#8243; header_font=\u00bbNunito||||||||\u00bb header_text_align=\u00bbcenter\u00bb header_text_color=\u00bb#263954&#8243; header_font_size=\u00bb24px\u00bb header_line_height=\u00bb1.3em\u00bb body_font=\u00bb||||||||\u00bb body_font_size=\u00bb15px\u00bb body_line_height=\u00bb1.8em\u00bb animation=\u00bboff\u00bb locked=\u00bboff\u00bb]<\/p>\n<p style=\"text-align: justify;\">Cumplimos a cabalidad con los compromisos adquiridos en la ejecuci\u00f3n de nuestros\u00a0 servicios de seguridad privada,\u00a0a\u00fan frente a circunstancias cambiantes o adversas para garantizar su tranquilidad.<\/p>\n<p>[\/et_pb_blurb][\/et_pb_column][\/et_pb_row][et_pb_row column_structure=\u00bb1_3,1_3,1_3&#8243; admin_label=\u00bbCategories\u00bb _builder_version=\u00bb3.25&#8243; max_width=\u00bb1440px\u00bb custom_padding=\u00bb20px|||\u00bb use_custom_width=\u00bbon\u00bb custom_width_px=\u00bb1440px\u00bb][et_pb_column type=\u00bb1_3&#8243; _builder_version=\u00bb3.25&#8243; custom_padding=\u00bb|||\u00bb custom_padding__hover=\u00bb|||\u00bb][\/et_pb_column][et_pb_column type=\u00bb1_3&#8243; _builder_version=\u00bb3.25&#8243; custom_padding=\u00bb|||\u00bb custom_padding__hover=\u00bb|||\u00bb][et_pb_blurb title=\u00bbHonestidad\u00bb use_icon=\u00bbon\u00bb font_icon=\u00bb%%287%%\u00bb _builder_version=\u00bb4.7.0&#8243; header_level=\u00bbh3&#8243; header_font=\u00bbNunito||||||||\u00bb header_text_align=\u00bbcenter\u00bb header_text_color=\u00bb#263954&#8243; header_font_size=\u00bb24px\u00bb header_line_height=\u00bb1.3em\u00bb body_font=\u00bb||||||||\u00bb body_font_size=\u00bb15px\u00bb body_line_height=\u00bb1.8em\u00bb animation=\u00bboff\u00bb]<\/p>\n<p style=\"text-align: justify;\">Nos apegamos firmemente al respeto de la verdad, que refleja la calidad en el servicio que brindamos para asegurar el bienestar y la confianza de nuestros clientes.<\/p>\n<p>[\/et_pb_blurb][\/et_pb_column][et_pb_column type=\u00bb1_3&#8243; _builder_version=\u00bb3.25&#8243; custom_padding=\u00bb|||\u00bb custom_padding__hover=\u00bb|||\u00bb][\/et_pb_column][\/et_pb_row][\/et_pb_section][et_pb_section fb_built=\u00bb1&#8243; admin_label=\u00bbSign Up Section\u00bb _builder_version=\u00bb4.7.0&#8243; background_color=\u00bb#000000&#8243; custom_padding=\u00bb30px||0px|||\u00bb][et_pb_row column_structure=\u00bb1_2,1_2&#8243; _builder_version=\u00bb4.7.0&#8243; _module_preset=\u00bbdefault\u00bb][et_pb_column type=\u00bb1_2&#8243; _builder_version=\u00bb4.7.0&#8243; _module_preset=\u00bbdefault\u00bb][et_pb_text _builder_version=\u00bb4.7.0&#8243; _module_preset=\u00bbdefault\u00bb]<\/p>\n<h1><span style=\"color: #ffffff;\">Cotiza nuestros servicios<\/span><\/h1>\n<p><span style=\"color: #ffffff;\">Ser\u00e1 un gusto atender su solicitud de cotizaci\u00f3n, deje su nombre y correo, para una cotizaci\u00f3n de nuestros servicios.<\/span><\/p>\n<p><span style=\"color: #ffffff;\">T\u00e9lefono: PBX 7823 &#8211; 9941<br \/><\/span><\/p>\n<p><span style=\"color: #ffffff;\"><span style=\"color: #ffffff; font-family: inherit; font-weight: normal; font-size: large;\">atencionalcliente@sinsesa.com<\/span><\/span><\/p>\n<div class=\"et_pb_column et_pb_column_1_2 et_pb_column_8  et_pb_css_mix_blend_mode_passthrough\">\n<div class=\"et_pb_module et_pb_text et_pb_text_6  et_pb_text_align_left et_pb_bg_layout_light\">\n<div class=\"et_pb_text_inner\">\n<div class=\"et_pb_column et_pb_column_1_2 et_pb_column_13  et_pb_css_mix_blend_mode_passthrough\">\n<div class=\"et_pb_module et_pb_text et_pb_text_4  et_pb_text_align_left et_pb_bg_layout_light et_had_animation\">\n<div class=\"et_pb_text_inner\">\n<p><span style=\"color: #ffffff; font-family: inherit; font-weight: normal; font-size: large;\"><\/span><\/p>\n<\/div>\n<\/div>\n<\/div>\n<\/div>\n<\/div>\n<\/div>\n<p><span style=\"color: #ffffff;\"><\/span><\/p>\n<p><span style=\"color: #ffffff;\"><\/span><\/p>\n<p>[\/et_pb_text][\/et_pb_column][et_pb_column type=\u00bb1_2&#8243; _builder_version=\u00bb4.7.0&#8243; _module_preset=\u00bbdefault\u00bb][et_pb_contact_form email=\u00bbatencionalcliente@sinsesa.com\u00bb _builder_version=\u00bb4.7.0&#8243; _module_preset=\u00bbdefault\u00bb custom_button=\u00bbon\u00bb button_text_color=\u00bb#ffffff\u00bb button_bg_color=\u00bb#0c71c3&#8243;][et_pb_contact_field field_id=\u00bbName\u00bb field_title=\u00bbNombre\u00bb _builder_version=\u00bb3.16&#8243; button_text_size__hover_enabled=\u00bboff\u00bb button_one_text_size__hover_enabled=\u00bboff\u00bb button_two_text_size__hover_enabled=\u00bboff\u00bb button_text_color__hover_enabled=\u00bboff\u00bb button_one_text_color__hover_enabled=\u00bboff\u00bb button_two_text_color__hover_enabled=\u00bboff\u00bb button_border_width__hover_enabled=\u00bboff\u00bb button_one_border_width__hover_enabled=\u00bboff\u00bb button_two_border_width__hover_enabled=\u00bboff\u00bb button_border_color__hover_enabled=\u00bboff\u00bb button_one_border_color__hover_enabled=\u00bboff\u00bb button_two_border_color__hover_enabled=\u00bboff\u00bb button_border_radius__hover_enabled=\u00bboff\u00bb button_one_border_radius__hover_enabled=\u00bboff\u00bb button_two_border_radius__hover_enabled=\u00bboff\u00bb button_letter_spacing__hover_enabled=\u00bboff\u00bb button_one_letter_spacing__hover_enabled=\u00bboff\u00bb button_two_letter_spacing__hover_enabled=\u00bboff\u00bb button_bg_color__hover_enabled=\u00bboff\u00bb button_one_bg_color__hover_enabled=\u00bboff\u00bb button_two_bg_color__hover_enabled=\u00bboff\u00bb][\/et_pb_contact_field][et_pb_contact_field field_id=\u00bbEmail\u00bb field_title=\u00bbDirecci\u00f3n de correo electr\u00f3nico\u00bb field_type=\u00bbemail\u00bb _builder_version=\u00bb3.16&#8243; button_text_size__hover_enabled=\u00bboff\u00bb button_one_text_size__hover_enabled=\u00bboff\u00bb button_two_text_size__hover_enabled=\u00bboff\u00bb button_text_color__hover_enabled=\u00bboff\u00bb button_one_text_color__hover_enabled=\u00bboff\u00bb button_two_text_color__hover_enabled=\u00bboff\u00bb button_border_width__hover_enabled=\u00bboff\u00bb button_one_border_width__hover_enabled=\u00bboff\u00bb button_two_border_width__hover_enabled=\u00bboff\u00bb button_border_color__hover_enabled=\u00bboff\u00bb button_one_border_color__hover_enabled=\u00bboff\u00bb button_two_border_color__hover_enabled=\u00bboff\u00bb button_border_radius__hover_enabled=\u00bboff\u00bb button_one_border_radius__hover_enabled=\u00bboff\u00bb button_two_border_radius__hover_enabled=\u00bboff\u00bb button_letter_spacing__hover_enabled=\u00bboff\u00bb button_one_letter_spacing__hover_enabled=\u00bboff\u00bb button_two_letter_spacing__hover_enabled=\u00bboff\u00bb button_bg_color__hover_enabled=\u00bboff\u00bb button_one_bg_color__hover_enabled=\u00bboff\u00bb button_two_bg_color__hover_enabled=\u00bboff\u00bb][\/et_pb_contact_field][et_pb_contact_field field_id=\u00bbMessage\u00bb field_title=\u00bbMensaje\u00bb field_type=\u00bbtext\u00bb fullwidth_field=\u00bbon\u00bb _builder_version=\u00bb3.16&#8243; button_text_size__hover_enabled=\u00bboff\u00bb button_one_text_size__hover_enabled=\u00bboff\u00bb button_two_text_size__hover_enabled=\u00bboff\u00bb button_text_color__hover_enabled=\u00bboff\u00bb button_one_text_color__hover_enabled=\u00bboff\u00bb button_two_text_color__hover_enabled=\u00bboff\u00bb button_border_width__hover_enabled=\u00bboff\u00bb button_one_border_width__hover_enabled=\u00bboff\u00bb button_two_border_width__hover_enabled=\u00bboff\u00bb button_border_color__hover_enabled=\u00bboff\u00bb button_one_border_color__hover_enabled=\u00bboff\u00bb button_two_border_color__hover_enabled=\u00bboff\u00bb button_border_radius__hover_enabled=\u00bboff\u00bb button_one_border_radius__hover_enabled=\u00bboff\u00bb button_two_border_radius__hover_enabled=\u00bboff\u00bb button_letter_spacing__hover_enabled=\u00bboff\u00bb button_one_letter_spacing__hover_enabled=\u00bboff\u00bb button_two_letter_spacing__hover_enabled=\u00bboff\u00bb button_bg_color__hover_enabled=\u00bboff\u00bb button_one_bg_color__hover_enabled=\u00bboff\u00bb button_two_bg_color__hover_enabled=\u00bboff\u00bb][\/et_pb_contact_field][\/et_pb_contact_form][\/et_pb_column][\/et_pb_row][\/et_pb_section]<\/p>\n","protected":false},"excerpt":{"rendered":"<p>Seguridad privada a otro nivelNuestro compromiso su seguridadNuestros colaboradores siempre de su ladoRespaldo LegalEstrategias Inteligentes S.A. SINSESA, es una empresa orgullosamente Guatemalteca con capital propio, legalmente constituida y autorizada por la Direcci\u00f3n General de Servicios de Seguridad Privada del Ministerio de Gobernaci\u00f3n de la Rep\u00fablica de Guatemala, bajo las licencias n\u00famero A298 y B094 para [&hellip;]<\/p>\n","protected":false},"author":1,"featured_media":0,"parent":0,"menu_order":0,"comment_status":"closed","ping_status":"closed","template":"","meta":{"_et_pb_use_builder":"on","_et_pb_old_content":"<!-- wp:divi\/placeholder \/-->","_et_gb_content_width":"","footnotes":""},"class_list":["post-66","page","type-page","status-publish","hentry"],"_links":{"self":[{"href":"https:\/\/sinsesa.com\/index.php?rest_route=\/wp\/v2\/pages\/66","targetHints":{"allow":["GET"]}}],"collection":[{"href":"https:\/\/sinsesa.com\/index.php?rest_route=\/wp\/v2\/pages"}],"about":[{"href":"https:\/\/sinsesa.com\/index.php?rest_route=\/wp\/v2\/types\/page"}],"author":[{"embeddable":true,"href":"https:\/\/sinsesa.com\/index.php?rest_route=\/wp\/v2\/users\/1"}],"replies":[{"embeddable":true,"href":"https:\/\/sinsesa.com\/index.php?rest_route=%2Fwp%2Fv2%2Fcomments&post=66"}],"version-history":[{"count":50,"href":"https:\/\/sinsesa.com\/index.php?rest_route=\/wp\/v2\/pages\/66\/revisions"}],"predecessor-version":[{"id":490,"href":"https:\/\/sinsesa.com\/index.php?rest_route=\/wp\/v2\/pages\/66\/revisions\/490"}],"wp:attachment":[{"href":"https:\/\/sinsesa.com\/index.php?rest_route=%2Fwp%2Fv2%2Fmedia&parent=66"}],"curies":[{"name":"wp","href":"https:\/\/api.w.org\/{rel}","templated":true}]}}